{"id":225585,"date":"2026-04-11T21:41:19","date_gmt":"2026-04-11T19:41:19","guid":{"rendered":"https:\/\/thaicafe.nakama-partners.com\/?page_id=225585"},"modified":"2026-04-15T10:43:55","modified_gmt":"2026-04-15T08:43:55","slug":"fenetre-market","status":"publish","type":"page","link":"https:\/\/thaicafe.nakama-partners.com\/","title":{"rendered":"Fenetre market"},"content":{"rendered":"<div class=\"et_pb_section_0 et_pb_section et_section_regular et_flex_section\">\n<div class=\"et_pb_row_0 et_pb_row et_flex_row\">\n<div class=\"et_pb_column_0 et_pb_column et-last-child et_flex_column et_pb_css_mix_blend_mode_passthrough et_flex_column_24_24 et_flex_column_24_24_tablet et_flex_column_24_24_phone\">\n<div class=\"et_pb_menu_0 et_pb_menu et_pb_menu--with-logo et_pb_menu--style-left_aligned et_dropdown_animation_fade et_pb_bg_layout_light et_pb_text_align_right et_pb_text_align_right-tablet et_pb_text_align_right-phone et_pb_module et_flex_module et_flex_column_24_24 et_flex_column_24_24_tablet et_flex_column_24_24_phone\"><div class=\"et_pb_menu_inner_container et_flex_module\"><div class=\"et_pb_menu__logo-wrap\"><div class=\"et_pb_menu__logo\"><img loading=\"lazy\" decoding=\"async\" src=\"https:\/\/thaicafe.nakama-partners.com\/wp-content\/uploads\/2026\/04\/logo-1672068837.png\" title=\"logo-1672068837\" width=\"547\" height=\"92\" srcset=\"https:\/\/thaicafe.nakama-partners.com\/wp-content\/uploads\/2026\/04\/logo-1672068837.png 547w, https:\/\/thaicafe.nakama-partners.com\/wp-content\/uploads\/2026\/04\/logo-1672068837-480x81.png 480w\" sizes=\"(min-width: 0px) and (max-width: 480px) 480px, (min-width: 481px) 547px, 100vw\" class=\"wp-image-225655\" \/><\/div><\/div><div class=\"et_pb_menu__wrap\"><div class=\"et_pb_menu__menu\"><nav class=\"et-menu-nav\"><ul class=\"et-menu nav downwards\"><li><a href=\"https:\/\/thaicafe.nakama-partners.com\/\">Accueil<\/a><\/li><li class=\"page_item page-item-225585\"><a href=\"https:\/\/thaicafe.nakama-partners.com\/\">Fenetre market<\/a><\/li>\n<\/ul><\/nav><\/div><button class=\"et_pb_menu__icon et_pb_menu__search-button\" type=\"button\"><\/button><div class=\"et_mobile_nav_menu\"><div class=\"mobile_nav closed\"><span class=\"mobile_menu_bar\"><\/span><\/div><\/div><\/div><div class=\"et_pb_menu__search-container et_pb_menu__search-container--disabled\"><div class=\"et_pb_menu__search\"><form role=\"search\" method=\"get\" class=\"et_pb_menu__search-form\" action=\"https:\/\/thaicafe.nakama-partners.com\/\"><input type=\"search\" name=\"s\" class=\"et_pb_menu__search-input\" placeholder=\"Rechercher &hellip;\" title=\"Rechercher :\" \/><\/form><button type=\"button\" class=\"et_pb_menu__icon et_pb_menu__close-search-button\"><\/button><\/div><\/div><\/div><\/div>\n<\/div>\n<\/div>\n<\/div>\n\n<div class=\"et_pb_section_1 et_pb_section et_section_regular et_block_section et_pb_section_parallax\"><span class=\"et-pb-parallax-wrapper\"><span class=\"et-pb-parallax-background et-pb-parallax-background-module--divi-section-1\" style=\"background-image:linear-gradient(180deg, rgba(0, 0, 0, 0) 0%,rgba(0, 0, 0, 0.3) 100%), url(https:\/\/thaicafe.nakama-partners.com\/wp-content\/uploads\/2026\/04\/IMG_7915-scaled.jpg);background-blend-mode:luminosity\"><\/span><\/span>\n<div class=\"et_pb_row_1 et_pb_row et_block_row\">\n<div class=\"et_pb_column_1 et_pb_column et_pb_column_4_4 et-last-child et_block_column et_pb_css_mix_blend_mode_passthrough\">\n<div class=\"et_pb_text_0 et_pb_text et_pb_bg_layout_light et_pb_module et_block_module preset--module--divi-text--eea1e401-05d1-44b1-b4b2-531026cd1135\"><div class=\"et_pb_text_inner\"><h1>Vos fen\u00eatres sur mesure.<br \/>\nDesign, Performance, S\u00e9r\u00e9nit\u00e9.<\/h1>\n<\/div><\/div>\n\n<div class=\"et_pb_text_1 et_pb_text et_pb_bg_layout_dark et_pb_module et_flex_module preset--module--divi-text--b44d36bc-7df3-4457-b008-dd0b8b1fb7c6\"><div class=\"et_pb_text_inner\"><p>Welcome to Butcher, where quality meets flavor! Indulge your taste buds with our premium selection of meats. Whether you're a carnivore or looking to add some protein to your diet, we've got you covered.<\/p>\n<\/div><\/div>\n\n<div class=\"et_pb_module et_pb_button_module_wrapper et_pb_button_0_wrapper\"><a class=\"et_pb_button_0 et_pb_button et_pb_bg_layout_dark et_pb_module et_flex_module\" href=\"https:\/\/www.fenetremarket.com\/2-accueil\" data-icon=\"$\">Nos produits <\/a><\/div>\n<\/div>\n<\/div>\n<\/div>\n\n<div class=\"et_pb_section_2 et_pb_section et_section_regular et_block_section\">\n<div class=\"et_pb_row_2 et_pb_row et_pb_row_4col et_pb_gutters2 et_block_row et_block_row_4col\">\n<div class=\"et_pb_column_2 et_pb_column et_pb_column_1_4 et_flex_column et_pb_css_mix_blend_mode_passthrough\">\n<div class=\"et_pb_image_0 et_pb_image et_pb_module et_flex_module\"><span class=\"et_pb_image_wrap\"><img loading=\"lazy\" decoding=\"async\" src=\"https:\/\/thaicafe.nakama-partners.com\/wp-content\/uploads\/2026\/04\/Fenetre.png\" title=\"Fenetre\" width=\"835\" height=\"500\" srcset=\"https:\/\/thaicafe.nakama-partners.com\/wp-content\/uploads\/2026\/04\/Fenetre.png 835w, https:\/\/thaicafe.nakama-partners.com\/wp-content\/uploads\/2026\/04\/Fenetre-480x287.png 480w\" sizes=\"(min-width: 0px) and (max-width: 480px) 480px, (min-width: 481px) 835px, 100vw\" class=\"wp-image-225639\" \/><\/span><\/div>\n\n<div class=\"et_pb_blurb_0 et_pb_blurb et_pb_bg_layout_light et_pb_blurb_position_top et_pb_module et_flex_module\"><div class=\"et_pb_blurb_content et_flex_module\"><div class=\"et_pb_blurb_container\"><h4 class=\"et_pb_module_header\">Fen\u00eatres<\/h4><div class=\"et_pb_blurb_description\"><p>PVC, Alu, Bois<\/p>\n<\/div><\/div><\/div><\/div>\n\n<div class=\"et_pb_module et_pb_button_module_wrapper et_pb_button_1_wrapper\"><a class=\"et_pb_button_1 et_pb_button et_pb_bg_layout_dark et_pb_module et_flex_module\" href=\"https:\/\/www.fenetremarket.com\/2-accueil\" data-icon=\"$\">En savoir plus<\/a><\/div>\n<\/div>\n\n<div class=\"et_pb_column_3 et_pb_column et_pb_column_1_4 et_flex_column et_pb_css_mix_blend_mode_passthrough\">\n<div class=\"et_pb_image_1 et_pb_image et_pb_module et_flex_module\"><span class=\"et_pb_image_wrap\"><img loading=\"lazy\" decoding=\"async\" src=\"https:\/\/thaicafe.nakama-partners.com\/wp-content\/uploads\/2026\/04\/Porte.png\" title=\"Porte\" width=\"835\" height=\"500\" srcset=\"https:\/\/thaicafe.nakama-partners.com\/wp-content\/uploads\/2026\/04\/Porte.png 835w, https:\/\/thaicafe.nakama-partners.com\/wp-content\/uploads\/2026\/04\/Porte-480x287.png 480w\" sizes=\"(min-width: 0px) and (max-width: 480px) 480px, (min-width: 481px) 835px, 100vw\" class=\"wp-image-225641\" \/><\/span><\/div>\n\n<div class=\"et_pb_blurb_1 et_pb_blurb et_pb_bg_layout_light et_pb_blurb_position_top et_pb_module et_flex_module\"><div class=\"et_pb_blurb_content et_flex_module\"><div class=\"et_pb_blurb_container\"><h4 class=\"et_pb_module_header\">Portes<\/h4><div class=\"et_pb_blurb_description\"><p>Entr\u00e9e, Service<\/p>\n<\/div><\/div><\/div><\/div>\n\n<div class=\"et_pb_module et_pb_button_module_wrapper et_pb_button_2_wrapper\"><a class=\"et_pb_button_2 et_pb_button et_pb_bg_layout_dark et_pb_module et_flex_module\" href=\"https:\/\/www.fenetremarket.com\/2-accueil\" data-icon=\"$\">En savoir plus<\/a><\/div>\n<\/div>\n\n<div class=\"et_pb_column_4 et_pb_column et_pb_column_1_4 et_flex_column et_pb_css_mix_blend_mode_passthrough\">\n<div class=\"et_pb_image_2 et_pb_image et_pb_module et_flex_module\"><span class=\"et_pb_image_wrap\"><img loading=\"lazy\" decoding=\"async\" src=\"https:\/\/thaicafe.nakama-partners.com\/wp-content\/uploads\/2026\/04\/coulissants.png\" title=\"coulissants\" width=\"835\" height=\"500\" srcset=\"https:\/\/thaicafe.nakama-partners.com\/wp-content\/uploads\/2026\/04\/coulissants.png 835w, https:\/\/thaicafe.nakama-partners.com\/wp-content\/uploads\/2026\/04\/coulissants-480x287.png 480w\" sizes=\"(min-width: 0px) and (max-width: 480px) 480px, (min-width: 481px) 835px, 100vw\" class=\"wp-image-225642\" \/><\/span><\/div>\n\n<div class=\"et_pb_blurb_2 et_pb_blurb et_pb_bg_layout_light et_pb_blurb_position_top et_pb_module et_flex_module\"><div class=\"et_pb_blurb_content et_flex_module\"><div class=\"et_pb_blurb_container\"><h4 class=\"et_pb_module_header\">Baies vitr\u00e9es<\/h4><div class=\"et_pb_blurb_description\"><p>Coulissantes<\/p>\n<\/div><\/div><\/div><\/div>\n\n<div class=\"et_pb_module et_pb_button_module_wrapper et_pb_button_3_wrapper\"><a class=\"et_pb_button_3 et_pb_button et_pb_bg_layout_dark et_pb_module et_flex_module\" href=\"https:\/\/www.fenetremarket.com\/2-accueil\" data-icon=\"$\">En savoir plus<\/a><\/div>\n<\/div>\n\n<div class=\"et_pb_column_5 et_pb_column et_pb_column_1_4 et-last-child et_flex_column et_pb_css_mix_blend_mode_passthrough\">\n<div class=\"et_pb_image_3 et_pb_image et_pb_module et_flex_module\"><span class=\"et_pb_image_wrap\"><img loading=\"lazy\" decoding=\"async\" src=\"https:\/\/thaicafe.nakama-partners.com\/wp-content\/uploads\/2026\/04\/volets.png\" title=\"volets\" width=\"835\" height=\"500\" srcset=\"https:\/\/thaicafe.nakama-partners.com\/wp-content\/uploads\/2026\/04\/volets.png 835w, https:\/\/thaicafe.nakama-partners.com\/wp-content\/uploads\/2026\/04\/volets-480x287.png 480w\" sizes=\"(min-width: 0px) and (max-width: 480px) 480px, (min-width: 481px) 835px, 100vw\" class=\"wp-image-225643\" \/><\/span><\/div>\n\n<div class=\"et_pb_blurb_3 et_pb_blurb et_pb_bg_layout_light et_pb_blurb_position_top et_pb_module et_flex_module\"><div class=\"et_pb_blurb_content et_flex_module\"><div class=\"et_pb_blurb_container\"><h4 class=\"et_pb_module_header\">Volets<\/h4><div class=\"et_pb_blurb_description\"><p>Roulants, Battants<\/p>\n<\/div><\/div><\/div><\/div>\n\n<div class=\"et_pb_module et_pb_button_module_wrapper et_pb_button_4_wrapper\"><a class=\"et_pb_button_4 et_pb_button et_pb_bg_layout_dark et_pb_module et_flex_module\" href=\"https:\/\/www.fenetremarket.com\/2-accueil\" data-icon=\"$\">En savoir plus<\/a><\/div>\n<\/div>\n<\/div>\n<\/div>\n\n<div class=\"et_pb_section_3 et_pb_section et_section_regular et_block_section\">\n<div class=\"et_pb_row_3 et_pb_row et_flex_row\">\n<div class=\"et_pb_column_6 et_pb_column et_flex_column et_pb_css_mix_blend_mode_passthrough et_flex_column_6_24 et_flex_column_12_24_tablet et_flex_column_24_24_phone\">\n<div class=\"et_pb_blurb_4 et_pb_blurb et_pb_bg_layout_light et_pb_blurb_position_left et_pb_module et_flex_module\"><div class=\"et_pb_blurb_content et_flex_module\"><div class=\"et_pb_main_blurb_image\"><span class=\"et_pb_image_wrap\"><span class=\"et-pb-icon\">\uf6e3<\/span><\/span><\/div><div class=\"et_pb_blurb_container\"><h4 class=\"et_pb_module_header\">FABRICATION SUR MESURE<\/h4><div class=\"et_pb_blurb_description\"><p>Des produits adapt\u00e9s \u00e0 vos besoins<\/p>\n<\/div><\/div><\/div><\/div>\n<\/div>\n\n<div class=\"et_pb_column_7 et_pb_column et_flex_column et_pb_css_mix_blend_mode_passthrough et_flex_column_6_24 et_flex_column_12_24_tablet et_flex_column_24_24_phone\">\n<div class=\"et_pb_blurb_5 et_pb_blurb et_pb_bg_layout_light et_pb_blurb_position_left et_pb_module et_flex_module\"><div class=\"et_pb_blurb_content et_flex_module\"><div class=\"et_pb_main_blurb_image\"><span class=\"et_pb_image_wrap\"><span class=\"et-pb-icon\">\uf0d1<\/span><\/span><\/div><div class=\"et_pb_blurb_container\"><h4 class=\"et_pb_module_header\">Liraison rapide<\/h4><div class=\"et_pb_blurb_description\"><p>Chez vous en 1 semaine<\/p>\n<\/div><\/div><\/div><\/div>\n<\/div>\n\n<div class=\"et_pb_column_8 et_pb_column et_flex_column et_pb_css_mix_blend_mode_passthrough et_flex_column_6_24 et_flex_column_12_24_tablet et_flex_column_24_24_phone\">\n<div class=\"et_pb_blurb_6 et_pb_blurb et_pb_bg_layout_light et_pb_blurb_position_left et_pb_module et_flex_module\"><div class=\"et_pb_blurb_content et_flex_module\"><div class=\"et_pb_main_blurb_image\"><span class=\"et_pb_image_wrap\"><span class=\"et-pb-icon\">\ue07b<\/span><\/span><\/div><div class=\"et_pb_blurb_container\"><h4 class=\"et_pb_module_header\">Prix d'usine<\/h4><div class=\"et_pb_blurb_description\"><p>les meilleurs prix toute l'ann\u00e9e<\/p>\n<\/div><\/div><\/div><\/div>\n<\/div>\n\n<div class=\"et_pb_column_9 et_pb_column et-last-child et_flex_column et_pb_css_mix_blend_mode_passthrough et_flex_column_6_24 et_flex_column_12_24_tablet et_flex_column_24_24_phone\">\n<div class=\"et_pb_blurb_7 et_pb_blurb et_pb_bg_layout_light et_pb_blurb_position_left et_pb_module et_flex_module\"><div class=\"et_pb_blurb_content et_flex_module\"><div class=\"et_pb_main_blurb_image\"><span class=\"et_pb_image_wrap\"><span class=\"et-pb-icon\">\ue06c<\/span><\/span><\/div><div class=\"et_pb_blurb_container\"><h4 class=\"et_pb_module_header\">Paiement s\u00e9curis\u00e9<\/h4><div class=\"et_pb_blurb_description\"><p>Des produits adapt\u00e9s \u00e0 vos besoins<\/p>\n<\/div><\/div><\/div><\/div>\n<\/div>\n<\/div>\n<\/div>\n\n<div class=\"et_pb_section_4 et_pb_section et_section_regular et_block_section\">\n<div class=\"et_pb_row_4 et_pb_row et_flex_row\">\n<div class=\"et_pb_column_10 et_pb_column et_flex_column et_pb_css_mix_blend_mode_passthrough et_flex_column_2_5 et_flex_column_2_5_tablet et_flex_column_24_24_phone\">\n<div class=\"et_pb_text_2 et_pb_text et_pb_bg_layout_light et_pb_module et_block_module preset--module--divi-text--eea1e401-05d1-44b1-b4b2-531026cd1135\"><div class=\"et_pb_text_inner\" data-et-mv-hidden-tablet=\"true\"><h2>Vos fen\u00eatres sur mesure.<br \/>Design, Performance, S\u00e9r\u00e9nit\u00e9.<\/h2>\n<\/div><\/div>\n\n<div class=\"et_pb_text_3 et_pb_text et_pb_bg_layout_light et_pb_module et_block_module preset--module--divi-text--b44d36bc-7df3-4457-b008-dd0b8b1fb7c6\"><div class=\"et_pb_text_inner\"><p>Welcome to Butcher, where quality meets flavor! Indulge your taste buds with our premium selection of meats. Whether you're a carnivore or looking to add some protein to your diet, we've got you covered.<\/p>\n<\/div><\/div>\n\n<div class=\"et_pb_module et_pb_button_module_wrapper et_pb_button_5_wrapper\"><a class=\"et_pb_button_5 et_pb_button et_pb_bg_layout_light et_pb_module et_flex_module\" href=\"\" data-icon=\"$\">En savoir plus<\/a><\/div>\n<\/div>\n\n<div class=\"et_pb_column_11 et_pb_column et-last-child et_flex_column et_pb_css_mix_blend_mode_passthrough et_flex_column_3_5 et_flex_column_3_5_tablet et_flex_column_24_24_phone\">\n<div class=\"et_pb_video_0 et_pb_video et_pb_module et_flex_module\"><div class=\"et_pb_video_box\"><iframe loading=\"lazy\" title=\"Production de Fenetremarket\" width=\"1080\" height=\"608\" src=\"https:\/\/www.youtube.com\/embed\/tF8bKrUgDAk?feature=oembed\"  allow=\"accelerometer; autoplay; clipboard-write; encrypted-media; gyroscope; picture-in-picture; web-share\" referrerpolicy=\"strict-origin-when-cross-origin\" allowfullscreen><\/iframe><\/div><\/div>\n<\/div>\n<\/div>\n<\/div>\n\n<div class=\"et_pb_section_5 et_pb_section et_section_regular et_block_section\">\n<div class=\"et_pb_row_5 et_pb_row et_block_row\">\n<div class=\"et_pb_column_12 et_pb_column et_pb_column_4_4 et-last-child et_block_column et_pb_css_mix_blend_mode_passthrough\">\n<div class=\"et_pb_text_4 et_pb_text et_pb_bg_layout_light et_pb_module et_block_module preset--module--divi-text--1133bd7f-2646-4592-a753-6a1738cd8982\"><div class=\"et_pb_text_inner\"><h5>En tant que Fenetre Market, nous produisions nous-m\u00eames tous nos produits\u00a0<\/h5>\n<\/div><\/div>\n<\/div>\n<\/div>\n<\/div>\n\n<div class=\"et_pb_section_6 et_pb_section et_section_regular et_block_section\">\n<div class=\"et_pb_row_6 et_pb_row et_pb_row_4col et_block_row et_block_row_4col\">\n<div class=\"et_pb_column_13 et_pb_column et_pb_column_1_4 et_block_column et_pb_css_mix_blend_mode_passthrough\">\n<div class=\"et_pb_image_4 et_pb_image et_pb_module et_block_module\"><span class=\"et_pb_image_wrap\"><img loading=\"lazy\" decoding=\"async\" src=\"https:\/\/thaicafe.nakama-partners.com\/wp-content\/uploads\/2026\/04\/IMG_7915-scaled.jpg\" title=\"IMG_7915\" width=\"1707\" height=\"2560\" srcset=\"https:\/\/thaicafe.nakama-partners.com\/wp-content\/uploads\/2026\/04\/IMG_7915-scaled.jpg 1707w, https:\/\/thaicafe.nakama-partners.com\/wp-content\/uploads\/2026\/04\/IMG_7915-1280x1920.jpg 1280w, https:\/\/thaicafe.nakama-partners.com\/wp-content\/uploads\/2026\/04\/IMG_7915-980x1470.jpg 980w, https:\/\/thaicafe.nakama-partners.com\/wp-content\/uploads\/2026\/04\/IMG_7915-480x720.jpg 480w\" sizes=\"(min-width: 0px) and (max-width: 480px) 480px, (min-width: 481px) and (max-width: 980px) 980px, (min-width: 981px) and (max-width: 1280px) 1280px, (min-width: 1281px) 1707px, 100vw\" class=\"wp-image-225645\" \/><\/span><\/div>\n<\/div>\n\n<div class=\"et_pb_column_14 et_pb_column et_pb_column_1_4 et_block_column et_pb_css_mix_blend_mode_passthrough\">\n<div class=\"et_pb_image_5 et_pb_image et_pb_module et_block_module\"><span class=\"et_pb_image_wrap\"><img loading=\"lazy\" decoding=\"async\" src=\"https:\/\/thaicafe.nakama-partners.com\/wp-content\/uploads\/2026\/04\/IMG_7937.jpg\" title=\"IMG_7937\" width=\"1667\" height=\"2500\" srcset=\"https:\/\/thaicafe.nakama-partners.com\/wp-content\/uploads\/2026\/04\/IMG_7937.jpg 1667w, https:\/\/thaicafe.nakama-partners.com\/wp-content\/uploads\/2026\/04\/IMG_7937-1280x1920.jpg 1280w, https:\/\/thaicafe.nakama-partners.com\/wp-content\/uploads\/2026\/04\/IMG_7937-980x1470.jpg 980w, https:\/\/thaicafe.nakama-partners.com\/wp-content\/uploads\/2026\/04\/IMG_7937-480x720.jpg 480w\" sizes=\"(min-width: 0px) and (max-width: 480px) 480px, (min-width: 481px) and (max-width: 980px) 980px, (min-width: 981px) and (max-width: 1280px) 1280px, (min-width: 1281px) 1667px, 100vw\" class=\"wp-image-225650\" \/><\/span><\/div>\n<\/div>\n\n<div class=\"et_pb_column_15 et_pb_column et_pb_column_1_4 et_block_column et_pb_css_mix_blend_mode_passthrough\">\n<div class=\"et_pb_image_6 et_pb_image et_pb_module et_block_module\"><span class=\"et_pb_image_wrap\"><img loading=\"lazy\" decoding=\"async\" src=\"https:\/\/thaicafe.nakama-partners.com\/wp-content\/uploads\/2026\/04\/IMG_8059-scaled.jpg\" title=\"IMG_8059\" width=\"1707\" height=\"2560\" srcset=\"https:\/\/thaicafe.nakama-partners.com\/wp-content\/uploads\/2026\/04\/IMG_8059-scaled.jpg 1707w, https:\/\/thaicafe.nakama-partners.com\/wp-content\/uploads\/2026\/04\/IMG_8059-1280x1920.jpg 1280w, https:\/\/thaicafe.nakama-partners.com\/wp-content\/uploads\/2026\/04\/IMG_8059-980x1470.jpg 980w, https:\/\/thaicafe.nakama-partners.com\/wp-content\/uploads\/2026\/04\/IMG_8059-480x720.jpg 480w\" sizes=\"(min-width: 0px) and (max-width: 480px) 480px, (min-width: 481px) and (max-width: 980px) 980px, (min-width: 981px) and (max-width: 1280px) 1280px, (min-width: 1281px) 1707px, 100vw\" class=\"wp-image-225651\" \/><\/span><\/div>\n<\/div>\n\n<div class=\"et_pb_column_16 et_pb_column et_pb_column_1_4 et-last-child et_block_column et_pb_css_mix_blend_mode_passthrough\">\n<div class=\"et_pb_image_7 et_pb_image et_pb_module et_block_module\"><span class=\"et_pb_image_wrap\"><img loading=\"lazy\" decoding=\"async\" src=\"https:\/\/thaicafe.nakama-partners.com\/wp-content\/uploads\/2026\/04\/IMG_7843-2-scaled.jpg\" title=\"IMG_7843-2\" width=\"1707\" height=\"2560\" srcset=\"https:\/\/thaicafe.nakama-partners.com\/wp-content\/uploads\/2026\/04\/IMG_7843-2-scaled.jpg 1707w, https:\/\/thaicafe.nakama-partners.com\/wp-content\/uploads\/2026\/04\/IMG_7843-2-1280x1920.jpg 1280w, https:\/\/thaicafe.nakama-partners.com\/wp-content\/uploads\/2026\/04\/IMG_7843-2-980x1470.jpg 980w, https:\/\/thaicafe.nakama-partners.com\/wp-content\/uploads\/2026\/04\/IMG_7843-2-480x720.jpg 480w\" sizes=\"(min-width: 0px) and (max-width: 480px) 480px, (min-width: 481px) and (max-width: 980px) 980px, (min-width: 981px) and (max-width: 1280px) 1280px, (min-width: 1281px) 1707px, 100vw\" class=\"wp-image-225652\" \/><\/span><\/div>\n<\/div>\n<\/div>\n<\/div>\n\n<div class=\"et_pb_section_7 et_pb_section et_section_regular et_flex_section\">\n<div class=\"et_pb_row_7 et_pb_row et_flex_row\">\n<div class=\"et_pb_column_17 et_pb_column et_flex_column et_pb_css_mix_blend_mode_passthrough et_flex_column_12_24 et_flex_column_12_24_tablet et_flex_column_24_24_phone\">\n<div class=\"et_pb_testimonial_0 et_pb_testimonial et_pb_bg_layout_light et_pb_module et_flex_module\"><div class=\"et_pb_testimonial_inner\"><div class=\"et_pb_testimonial_portrait\" style=\"background-image:url(https:\/\/thaicafe.nakama-partners.com\/wp-content\/uploads\/2026\/04\/0-43472f92-cbb0-4b9f-9f10-46a5b63a9522-512x512.jpg)\"><\/div><div class=\"et_pb_testimonial_description et_flex_module\"><div class=\"et_pb_testimonial_description_inner\"><div class=\"et_pb_testimonial_content\"><p>Livraison rapide, et le rapport qualit\u00e9 prix est excellent.<\/p>\n<\/div><\/div><div class=\"et_pb_testimonial_author\">Jona Peeters <\/div><div class=\"et_pb_testimonial_meta\"><\/div><\/div><\/div><\/div>\n<\/div>\n\n<div class=\"et_pb_column_18 et_pb_column et-last-child et_flex_column et_pb_css_mix_blend_mode_passthrough et_flex_column_12_24 et_flex_column_12_24_tablet et_flex_column_24_24_phone\">\n<div class=\"et_pb_testimonial_1 et_pb_testimonial et_pb_bg_layout_light et_pb_module et_flex_module\"><div class=\"et_pb_testimonial_inner\"><div class=\"et_pb_testimonial_portrait\" style=\"background-image:url(https:\/\/thaicafe.nakama-partners.com\/wp-content\/uploads\/2026\/04\/0-43472f92-cbb0-4b9f-9f10-46a5b63a9522-512x512.jpg)\"><\/div><div class=\"et_pb_testimonial_description et_flex_module\"><div class=\"et_pb_testimonial_description_inner\"><div class=\"et_pb_testimonial_content\"><p>Livraison rapide, et le rapport qualit\u00e9 prix est excellent.<\/p>\n<\/div><\/div><div class=\"et_pb_testimonial_author\">Jona Peeters <\/div><div class=\"et_pb_testimonial_meta\"><\/div><\/div><\/div><\/div>\n<\/div>\n<\/div>\n<\/div>\n\n<div class=\"et_pb_section_8 et_pb_section et_section_regular et_flex_section\">\n<div class=\"et_pb_row_8 et_pb_row et_flex_row\">\n<div class=\"et_pb_column_19 et_pb_column et_flex_column et_pb_css_mix_blend_mode_passthrough et_flex_column_1_5 et_flex_column_12_24_tablet et_flex_column_24_24_phone\">\n<div class=\"et_pb_image_8 et_pb_image et_pb_module et_flex_module\"><span class=\"et_pb_image_wrap\"><img loading=\"lazy\" decoding=\"async\" src=\"https:\/\/thaicafe.nakama-partners.com\/wp-content\/uploads\/2026\/04\/logo-1672068837.png\" title=\"logo-1672068837\" width=\"547\" height=\"92\" srcset=\"https:\/\/thaicafe.nakama-partners.com\/wp-content\/uploads\/2026\/04\/logo-1672068837.png 547w, https:\/\/thaicafe.nakama-partners.com\/wp-content\/uploads\/2026\/04\/logo-1672068837-480x81.png 480w\" sizes=\"(min-width: 0px) and (max-width: 480px) 480px, (min-width: 481px) 547px, 100vw\" class=\"wp-image-225655\" \/><\/span><\/div>\n\n<div class=\"et_pb_text_5 et_pb_text et_pb_bg_layout_light et_pb_module et_flex_module preset--module--divi-text--b44d36bc-7df3-4457-b008-dd0b8b1fb7c6\"><div class=\"et_pb_text_inner\"><p>(+32) 486240897<\/p>\n<p><span style=\"color: #000000;\">info@fenetremarket.com<\/span><\/p>\n<\/div><\/div>\n<\/div>\n\n<div class=\"et_pb_column_20 et_pb_column et_flex_column et_pb_css_mix_blend_mode_passthrough et_flex_column_1_5 et_flex_column_12_24_tablet et_flex_column_24_24_phone\">\n<div class=\"et_pb_text_6 et_pb_text et_pb_bg_layout_light et_pb_module et_flex_module preset--module--divi-text--b44d36bc-7df3-4457-b008-dd0b8b1fb7c6\"><div class=\"et_pb_text_inner\"><h4>Nos Produits<\/h4>\n<p>Fen\u00eatre\u00a0<\/p>\n<p>Portes<\/p>\n<p>Syst\u00e8mes Coulissants<\/p>\n<p>Volets roulant\u00a0<\/p>\n<p>Accessoires<\/p>\n<\/div><\/div>\n<\/div>\n\n<div class=\"et_pb_column_21 et_pb_column et_flex_column et_pb_css_mix_blend_mode_passthrough et_flex_column_1_5 et_flex_column_12_24_tablet et_flex_column_24_24_phone\">\n<div class=\"et_pb_text_7 et_pb_text et_pb_bg_layout_light et_pb_module et_flex_module preset--module--divi-text--b44d36bc-7df3-4457-b008-dd0b8b1fb7c6\"><div class=\"et_pb_text_inner\"><h4>Liens utiles<\/h4>\n<p>Accueil\u00a0<\/p>\n<p>Boutique<\/p>\n<p>Termes et conditions<\/p>\n<p>Livraison et retour<\/p>\n<p>Mentions l\u00e9gales<\/p>\n<p>paimement s\u00e9curis\u00e9\u00a0<\/p>\n<\/div><\/div>\n<\/div>\n\n<div class=\"et_pb_column_22 et_pb_column et_flex_column et_pb_css_mix_blend_mode_passthrough et_flex_column_1_5 et_flex_column_12_24_tablet et_flex_column_24_24_phone\">\n<div class=\"et_pb_text_8 et_pb_text et_pb_bg_layout_light et_pb_module et_flex_module preset--module--divi-text--b44d36bc-7df3-4457-b008-dd0b8b1fb7c6\"><div class=\"et_pb_text_inner\"><h4>Votre Compte<\/h4>\n<p>Mon compte<\/p>\n<p>Liste de souhaits<\/p>\n<p>Informations personnelles<\/p>\n<\/div><\/div>\n<\/div>\n\n<div class=\"et_pb_column_23 et_pb_column et-last-child et_flex_column et_pb_css_mix_blend_mode_passthrough et_flex_column_1_5 et_flex_column_12_24_tablet et_flex_column_24_24_phone\">\n<div class=\"et_pb_text_9 et_pb_text et_pb_bg_layout_light et_pb_module et_flex_module preset--module--divi-text--b44d36bc-7df3-4457-b008-dd0b8b1fb7c6\"><div class=\"et_pb_text_inner\"><h4>Inscription \u00e0 la newsletter<\/h4>\n<p>\u00a0<\/p>\n<\/div><\/div>\n<\/div>\n<\/div>\n<\/div>","protected":false},"excerpt":{"rendered":"","protected":false},"author":1,"featured_media":0,"parent":0,"menu_order":0,"comment_status":"closed","ping_status":"closed","template":"page-template-blank.php","meta":{"footnotes":""},"class_list":["post-225585","page","type-page","status-publish","hentry"],"_links":{"self":[{"href":"https:\/\/thaicafe.nakama-partners.com\/index.php\/wp-json\/wp\/v2\/pages\/225585","targetHints":{"allow":["GET"]}}],"collection":[{"href":"https:\/\/thaicafe.nakama-partners.com\/index.php\/wp-json\/wp\/v2\/pages"}],"about":[{"href":"https:\/\/thaicafe.nakama-partners.com\/index.php\/wp-json\/wp\/v2\/types\/page"}],"author":[{"embeddable":true,"href":"https:\/\/thaicafe.nakama-partners.com\/index.php\/wp-json\/wp\/v2\/users\/1"}],"replies":[{"embeddable":true,"href":"https:\/\/thaicafe.nakama-partners.com\/index.php\/wp-json\/wp\/v2\/comments?post=225585"}],"version-history":[{"count":39,"href":"https:\/\/thaicafe.nakama-partners.com\/index.php\/wp-json\/wp\/v2\/pages\/225585\/revisions"}],"predecessor-version":[{"id":225676,"href":"https:\/\/thaicafe.nakama-partners.com\/index.php\/wp-json\/wp\/v2\/pages\/225585\/revisions\/225676"}],"wp:attachment":[{"href":"https:\/\/thaicafe.nakama-partners.com\/index.php\/wp-json\/wp\/v2\/media?parent=225585"}],"curies":[{"name":"wp","href":"https:\/\/api.w.org\/{rel}","templated":true}]}}